{"id":59646,"date":"2020-02-17T12:46:43","date_gmt":"2020-02-17T11:46:43","guid":{"rendered":"https:\/\/cambrillonesjover.com\/producto\/m-120l\/"},"modified":"2020-02-17T12:46:43","modified_gmt":"2020-02-17T11:46:43","slug":"m-120l","status":"publish","type":"product","link":"https:\/\/cambrillonesjover.com\/fr\/producto\/m-120l\/","title":{"rendered":"M-120L"},"content":{"rendered":"<h2><span style=\"font-size: 12pt;\"><strong>DESCRIPTION :<\/strong><\/span><\/h2>\n<p>Sangle d&rsquo;acier M-120L avec pointe et nervure ZINC PLATED<\/p>\n<h3><span style=\"font-size: 12pt;\"><strong>DEMANDE D&rsquo;EMPLOI :<\/strong><\/span><\/h3>\n<p>Semelles en PU pour chaussures<\/p>\n<h3><span style=\"font-size: 12pt;\"><strong>MAT\u00c9RIEL :<\/strong><\/span><\/h3>\n<p>Bracelet en acier 12&#215;1,00 mm.<\/p>\n<h3><span style=\"font-size: 12pt;\"><strong>PROFILS \/ COURBES :<\/strong><\/span><\/h3>\n<p>SUR COMMANDE<\/p>\n<h3><span style=\"font-size: 12pt;\"><strong>LONG :<\/strong><\/span><\/h3>\n<p>De 70 \u00e0 120 cm.<\/p>\n<h2><span style=\"font-size: 12pt;\"><strong>AVANTAGES DES COUVRE-CHAUSSURES POUR ENFANTS :<\/strong><\/span><\/h2>\n<p><span style=\"font-size: 10pt;\">Adapt\u00e9 \u00e0 la croissance des pieds des plus jeunes, le Chambrillon M-120L est con\u00e7u pour les chaussures d&rsquo;enfants. Ce berceau offre non seulement un soutien ad\u00e9quat, mais aussi le confort n\u00e9cessaire aux enfants actifs. Reconnaissant l&rsquo;importance d&rsquo;un d\u00e9veloppement sain du pied d\u00e8s le plus jeune \u00e2ge, ces b\u00e9quilles sont con\u00e7ues pour assurer un \u00e9quilibre parfait entre stabilit\u00e9 et confort.  <\/span><\/p>\n<p><span style=\"font-size: 10pt;\">La fabrication de la tige des chaussures pour enfants implique une s\u00e9lection m\u00e9ticuleuse des mat\u00e9riaux, chacun ayant des caract\u00e9ristiques distinctes, afin de fournir le soutien ad\u00e9quat aux diff\u00e9rents types de chaussures, qu&rsquo;il s&rsquo;agisse de mod\u00e8les \u00e9l\u00e9gants ou de mod\u00e8les con\u00e7us pour un usage plus actif. Ce processus exige une attention particuli\u00e8re aux d\u00e9tails, tels que la forme sp\u00e9cifique et la flexibilit\u00e9, afin de garantir que la tige r\u00e9ponde aux normes rigoureuses de l&rsquo;industrie de la chaussure. <\/span><\/p>\n<p><span style=\"font-size: 10pt;\">Le contr\u00f4le de la qualit\u00e9 est un \u00e9l\u00e9ment essentiel de la fabrication des chemises pour chaussures d&rsquo;enfants. Chaque pi\u00e8ce est soumise \u00e0 une s\u00e9rie de tests rigoureux pour s&rsquo;assurer qu&rsquo;elle est conforme aux normes les plus strictes. Cette approche garantit non seulement la qualit\u00e9 et la durabilit\u00e9 des chemises, mais aussi leur capacit\u00e9 \u00e0 s&rsquo;int\u00e9grer harmonieusement dans une grande vari\u00e9t\u00e9 de styles et de mod\u00e8les de chaussures.  <\/span><\/p>\n<p><span style=\"font-size: 10pt;\">Pour en savoir plus sur nos produits et sur la m\u00e9thode de fabrication de nos chaussures pour enfants, visitez notre<a href=\"https:\/\/cambrillonesjover.com\/blog\/\"> blog<\/a> et suivez nos mises \u00e0 jour sur les <a href=\"https:\/\/www.linkedin.com\/company\/cambrillones-jover\/\" target=\"_blank\" rel=\"noopener\">m\u00e9dias sociaux<\/a>. Vous y trouverez des informations utiles et actualis\u00e9es sur la mani\u00e8re dont nos produits peuvent contribuer au d\u00e9veloppement sain des pieds de vos enfants. <\/span><\/p>\n","protected":false},"excerpt":{"rendered":"<p>Tige pour chaussures d&rsquo;enfant M-120L Courroie en acier avec pointe et nervure ZINC\u00c9E.<\/p>\n","protected":false},"featured_media":16708,"template":"","meta":{"_uag_custom_page_level_css":"","site-sidebar-layout":"default","site-content-layout":"","ast-site-content-layout":"default","site-content-style":"default","site-sidebar-style":"default","ast-global-header-display":"","ast-banner-title-visibility":"","ast-main-header-display":"","ast-hfb-above-header-display":"","ast-hfb-below-header-display":"","ast-hfb-mobile-header-display":"","site-post-title":"","ast-breadcrumbs-content":"","ast-featured-img":"","footer-sml-layout":"","ast-disable-related-posts":"","theme-transparent-header-meta":"","adv-header-id-meta":"","stick-header-meta":"","header-above-stick-meta":"","header-main-stick-meta":"","header-below-stick-meta":"","astra-migrate-meta-layouts":"default","ast-page-background-enabled":"default","ast-page-background-meta":{"desktop":{"background-color":"var(--ast-global-color-5)","background-image":"","background-repeat":"repeat","background-position":"center center","background-size":"auto","background-attachment":"scroll","background-type":"","background-media":"","overlay-type":"","overlay-color":"","overlay-opacity":"","overlay-gradient":""},"tablet":{"background-color":"","background-image":"","background-repeat":"repeat","background-position":"center center","background-size":"auto","background-attachment":"scroll","background-type":"","background-media":"","overlay-type":"","overlay-color":"","overlay-opacity":"","overlay-gradient":""},"mobile":{"background-color":"","background-image":"","background-repeat":"repeat","background-position":"center center","background-size":"auto","background-attachment":"scroll","background-type":"","background-media":"","overlay-type":"","overlay-color":"","overlay-opacity":"","overlay-gradient":""}},"ast-content-background-meta":{"desktop":{"background-color":"var(--ast-global-color-4)","background-image":"","background-repeat":"repeat","background-position":"center center","background-size":"auto","background-attachment":"scroll","background-type":"","background-media":"","overlay-type":"","overlay-color":"","overlay-opacity":"","overlay-gradient":""},"tablet":{"background-color":"var(--ast-global-color-4)","background-image":"","background-repeat":"repeat","background-position":"center center","background-size":"auto","background-attachment":"scroll","background-type":"","background-media":"","overlay-type":"","overlay-color":"","overlay-opacity":"","overlay-gradient":""},"mobile":{"background-color":"var(--ast-global-color-4)","background-image":"","background-repeat":"repeat","background-position":"center center","background-size":"auto","background-attachment":"scroll","background-type":"","background-media":"","overlay-type":"","overlay-color":"","overlay-opacity":"","overlay-gradient":""}},"_joinchat":[]},"product_brand":[],"product_cat":[300],"product_tag":[],"class_list":{"0":"post-59646","1":"product","2":"type-product","3":"status-publish","4":"has-post-thumbnail","6":"product_cat-enfant","7":"desktop-align-left","8":"tablet-align-left","9":"mobile-align-left","10":"ast-product-gallery-layout-horizontal-slider","11":"ast-product-gallery-with-no-image","12":"ast-product-tabs-layout-horizontal","14":"first","15":"instock","16":"shipping-taxable","17":"product-type-simple"},"spectra_custom_meta":{"_wcml_average_rating":[null],"_wcml_review_count":[null],"_wcml_rating_count":[null],"_backorders":["no"],"_download_limit":["-1"],"_download_expiry":["-1"],"_downloadable":["no"],"_manage_stock":["no"],"_sku":["132-1-1-1"],"_stock_status":["instock"],"_sold_individually":["no"],"_tax_class":[""],"_tax_status":["taxable"],"_virtual":["no"],"total_sales":["0"],"_top_nav_excluded":[""],"_cms_nav_minihome":[""],"_last_translation_edit_mode":["translation-editor"],"_wpml_word_count":["344"],"_uag_page_assets":["a:9:{s:3:\"css\";s:4019:\".uag-blocks-common-selector{z-index:var(--z-index-desktop) !important}@media (max-width: 976px){.uag-blocks-common-selector{z-index:var(--z-index-tablet) !important}}@media (max-width: 767px){.uag-blocks-common-selector{z-index:var(--z-index-mobile) !important}}\n.wp-block-uagb-advanced-heading h1,.wp-block-uagb-advanced-heading h2,.wp-block-uagb-advanced-heading h3,.wp-block-uagb-advanced-heading h4,.wp-block-uagb-advanced-heading h5,.wp-block-uagb-advanced-heading h6,.wp-block-uagb-advanced-heading p,.wp-block-uagb-advanced-heading div{word-break:break-word}.wp-block-uagb-advanced-heading .uagb-heading-text{margin:0}.wp-block-uagb-advanced-heading .uagb-desc-text{margin:0}.wp-block-uagb-advanced-heading .uagb-separator{font-size:0;border-top-style:solid;display:inline-block;margin:0 0 10px 0}.wp-block-uagb-advanced-heading .uagb-highlight{color:#f78a0c;border:0;transition:all 0.3s ease}.uag-highlight-toolbar{border-left:0;border-top:0;border-bottom:0;border-radius:0;border-right-color:#1e1e1e}.uag-highlight-toolbar .components-button{border-radius:0;outline:none}.uag-highlight-toolbar .components-button.is-primary{color:#fff}\n.wp-block-uagb-advanced-heading.uagb-block-04802978.wp-block-uagb-advanced-heading .uagb-heading-text{color: var(--ast-global-color-1);}.wp-block-uagb-advanced-heading.uagb-block-04802978.wp-block-uagb-advanced-heading .uagb-desc-text{margin-bottom: 15px;}.wp-block-uagb-advanced-heading.uagb-block-04802978.wp-block-uagb-advanced-heading .uagb-highlight{font-style: normal;font-weight: Default;background: #007cba;color: #fff;-webkit-text-fill-color: #fff;}.wp-block-uagb-advanced-heading.uagb-block-04802978.wp-block-uagb-advanced-heading .uagb-highlight::-moz-selection{color: #fff;background: #007cba;-webkit-text-fill-color: #fff;}.wp-block-uagb-advanced-heading.uagb-block-04802978.wp-block-uagb-advanced-heading .uagb-highlight::selection{color: #fff;background: #007cba;-webkit-text-fill-color: #fff;}.wp-block-uagb-advanced-heading.uagb-block-329afc47.wp-block-uagb-advanced-heading .uagb-heading-text{color: var(--ast-global-color-1);}.wp-block-uagb-advanced-heading.uagb-block-329afc47.wp-block-uagb-advanced-heading .uagb-desc-text{margin-bottom: 15px;}.wp-block-uagb-advanced-heading.uagb-block-329afc47.wp-block-uagb-advanced-heading .uagb-highlight{font-style: normal;font-weight: Default;background: #007cba;color: #fff;-webkit-text-fill-color: #fff;}.wp-block-uagb-advanced-heading.uagb-block-329afc47.wp-block-uagb-advanced-heading .uagb-highlight::-moz-selection{color: #fff;background: #007cba;-webkit-text-fill-color: #fff;}.wp-block-uagb-advanced-heading.uagb-block-329afc47.wp-block-uagb-advanced-heading .uagb-highlight::selection{color: #fff;background: #007cba;-webkit-text-fill-color: #fff;}.wp-block-uagb-advanced-heading.uagb-block-329afc47 .uagb-heading-text{text-transform: uppercase;}.wp-block-uagb-advanced-heading.uagb-block-63d8ce74.wp-block-uagb-advanced-heading .uagb-heading-text{color: var(--ast-global-color-1);}.wp-block-uagb-advanced-heading.uagb-block-63d8ce74.wp-block-uagb-advanced-heading {text-align: right;}.wp-block-uagb-advanced-heading.uagb-block-63d8ce74.wp-block-uagb-advanced-heading .uagb-desc-text{margin-bottom: 15px;}.wp-block-uagb-advanced-heading.uagb-block-63d8ce74.wp-block-uagb-advanced-heading .uagb-highlight{font-style: normal;font-weight: Default;background: #007cba;color: #fff;-webkit-text-fill-color: #fff;}.wp-block-uagb-advanced-heading.uagb-block-63d8ce74.wp-block-uagb-advanced-heading .uagb-highlight::-moz-selection{color: #fff;background: #007cba;-webkit-text-fill-color: #fff;}.wp-block-uagb-advanced-heading.uagb-block-63d8ce74.wp-block-uagb-advanced-heading .uagb-highlight::selection{color: #fff;background: #007cba;-webkit-text-fill-color: #fff;}.wp-block-uagb-advanced-heading.uagb-block-63d8ce74 .uagb-heading-text{text-transform: uppercase;}@media only screen and (max-width: 767px) {.wp-block-uagb-advanced-heading.uagb-block-63d8ce74.wp-block-uagb-advanced-heading {text-align: center;}}\";s:2:\"js\";s:0:\"\";s:18:\"current_block_list\";a:21:{i:0;s:14:\"core\/paragraph\";i:1;s:10:\"core\/image\";i:2;s:21:\"uagb\/advanced-heading\";i:3;s:11:\"core\/search\";i:4;s:27:\"woocommerce\/product-filters\";i:5;s:12:\"core\/heading\";i:6;s:33:\"woocommerce\/product-filter-active\";i:7;s:42:\"woocommerce\/product-filter-removable-chips\";i:8;s:39:\"woocommerce\/product-filter-clear-button\";i:9;s:12:\"core\/buttons\";i:10;s:11:\"core\/button\";i:11;s:32:\"woocommerce\/product-filter-price\";i:12;s:39:\"woocommerce\/product-filter-price-slider\";i:13;s:33:\"woocommerce\/product-filter-rating\";i:14;s:40:\"woocommerce\/product-filter-checkbox-list\";i:15;s:36:\"woocommerce\/product-filter-attribute\";i:16;s:33:\"woocommerce\/product-filter-status\";i:17;s:30:\"woocommerce\/product-categories\";i:18;s:28:\"woocommerce\/featured-product\";i:19;s:17:\"core\/social-links\";i:20;s:16:\"core\/social-link\";}s:8:\"uag_flag\";b:1;s:11:\"uag_version\";s:10:\"1777448112\";s:6:\"gfonts\";a:0:{}s:10:\"gfonts_url\";s:0:\"\";s:12:\"gfonts_files\";a:0:{}s:14:\"uag_faq_layout\";b:0;}"],"rank_math_internal_links_processed":["1"],"_uag_css_file_name":["uag-css-59646.css"],"_wc_rating_count":[""],"_wc_review_count":[""],"_wc_average_rating":[0],"_thumbnail_id":["16708"]},"uagb_featured_image_src":{"full":["https:\/\/cambrillonesjover.com\/wp-content\/uploads\/2020\/02\/M-120L.6-scaled.jpg",2560,1920,false],"thumbnail":["https:\/\/cambrillonesjover.com\/wp-content\/uploads\/2020\/02\/M-120L.6-150x113.jpg",150,113,true],"medium":["https:\/\/cambrillonesjover.com\/wp-content\/uploads\/2020\/02\/M-120L.6-350x263.jpg",350,263,true],"medium_large":["https:\/\/cambrillonesjover.com\/wp-content\/uploads\/2020\/02\/M-120L.6-768x576.jpg",768,576,true],"large":["https:\/\/cambrillonesjover.com\/wp-content\/uploads\/2020\/02\/M-120L.6-1024x768.jpg",1024,768,true],"1536x1536":["https:\/\/cambrillonesjover.com\/wp-content\/uploads\/2020\/02\/M-120L.6-1536x1152.jpg",1536,1152,true],"2048x2048":["https:\/\/cambrillonesjover.com\/wp-content\/uploads\/2020\/02\/M-120L.6-2048x1536.jpg",2048,1536,true],"woocommerce_thumbnail":["https:\/\/cambrillonesjover.com\/wp-content\/uploads\/2020\/02\/M-120L.6-300x300.jpg",300,300,true],"woocommerce_single":["https:\/\/cambrillonesjover.com\/wp-content\/uploads\/2020\/02\/M-120L.6-600x450.jpg",600,450,true],"woocommerce_gallery_thumbnail":["https:\/\/cambrillonesjover.com\/wp-content\/uploads\/2020\/02\/M-120L.6-100x100.jpg",100,100,true]},"uagb_author_info":{"display_name":"Grupo Jover","author_link":"https:\/\/cambrillonesjover.com\/fr\/author\/"},"uagb_comment_info":0,"uagb_excerpt":"Tige pour chaussures d'enfant M-120L Courroie en acier avec pointe et nervure ZINC\u00c9E.","_links":{"self":[{"href":"https:\/\/cambrillonesjover.com\/fr\/wp-json\/wp\/v2\/product\/59646","targetHints":{"allow":["GET"]}}],"collection":[{"href":"https:\/\/cambrillonesjover.com\/fr\/wp-json\/wp\/v2\/product"}],"about":[{"href":"https:\/\/cambrillonesjover.com\/fr\/wp-json\/wp\/v2\/types\/product"}],"wp:featuredmedia":[{"embeddable":true,"href":"https:\/\/cambrillonesjover.com\/fr\/wp-json\/wp\/v2\/media\/16708"}],"wp:attachment":[{"href":"https:\/\/cambrillonesjover.com\/fr\/wp-json\/wp\/v2\/media?parent=59646"}],"wp:term":[{"taxonomy":"product_brand","embeddable":true,"href":"https:\/\/cambrillonesjover.com\/fr\/wp-json\/wp\/v2\/product_brand?post=59646"},{"taxonomy":"product_cat","embeddable":true,"href":"https:\/\/cambrillonesjover.com\/fr\/wp-json\/wp\/v2\/product_cat?post=59646"},{"taxonomy":"product_tag","embeddable":true,"href":"https:\/\/cambrillonesjover.com\/fr\/wp-json\/wp\/v2\/product_tag?post=59646"}],"curies":[{"name":"wp","href":"https:\/\/api.w.org\/{rel}","templated":true}]}}