{"id":61068,"date":"2025-10-29T11:17:05","date_gmt":"2025-10-29T10:17:05","guid":{"rendered":"https:\/\/cambrillonesjover.com\/avis-juridique-et-conditions-dutilisation\/"},"modified":"2025-11-14T14:37:48","modified_gmt":"2025-11-14T13:37:48","slug":"avis-juridique-et-conditions-dutilisation","status":"publish","type":"page","link":"https:\/\/cambrillonesjover.com\/fr\/avis-juridique-et-conditions-dutilisation\/","title":{"rendered":"AVIS JURIDIQUE ET CONDITIONS D&rsquo;UTILISATION"},"content":{"rendered":"\n<h2 class=\"wp-block-heading\"><strong>I. INFORMATIONS G\u00c9N\u00c9RALES<\/strong><\/h2>\n\n<p>Conform\u00e9ment \u00e0 l&rsquo;obligation d&rsquo;information pr\u00e9vue par la loi 34\/2002 sur les services de la soci\u00e9t\u00e9 de l&rsquo;information et le commerce \u00e9lectronique (LSSI-CE) du 11 juillet, vous trouverez ci-dessous des informations g\u00e9n\u00e9rales sur ce site web :<\/p>\n\n<p>La propri\u00e9t\u00e9 de ce site web, https:\/\/cambrillonesjover.com\/, (ci-apr\u00e8s, le site web) est d\u00e9tenue par : Cambrillones Jover Sl, avec NIF : B03116969 et enregistr\u00e9 dans : Registro Mercantil de Alicante\/Alacant avec les coordonn\u00e9es suivantes : Cambrillones Jover S.L, dont le repr\u00e9sentant est : Cambrillones Jover S.L, et dont les coordonn\u00e9es sont : Cambrillones Jover S.L, et dont les coordonn\u00e9es sont : Cambrillones Jover S.L :<\/p>\n\n<p>Adresse : CALLE CAMINO DEL PRADO, S\/N<\/p>\n\n<p>Num\u00e9ro de t\u00e9l\u00e9phone de contact : 966 970 050<\/p>\n\n<p>Courriel de contact :<\/p>\n\n<h2 class=\"wp-block-heading\"><strong>II. CONDITIONS G\u00c9N\u00c9RALES D&rsquo;UTILISATION <\/strong><\/h2>\n\n<h3 class=\"wp-block-heading\"><strong>L&rsquo;objet des conditions g\u00e9n\u00e9rales : Le site web<\/strong><\/h3>\n\n<p>Les pr\u00e9sentes conditions g\u00e9n\u00e9rales d&rsquo;utilisation (ci-apr\u00e8s d\u00e9nomm\u00e9es \u00ab\u00a0conditions\u00a0\u00bb) ont pour objet de r\u00e9glementer l&rsquo;acc\u00e8s au site web et son utilisation. Aux fins des pr\u00e9sentes conditions g\u00e9n\u00e9rales, on entend par site web : l&rsquo;aspect ext\u00e9rieur des interfaces d&rsquo;\u00e9cran, tant statiques que dynamiques, c&rsquo;est-\u00e0-dire l&rsquo;arbre de navigation ; et tous les \u00e9l\u00e9ments int\u00e9gr\u00e9s tant dans les interfaces d&rsquo;\u00e9cran que dans l&rsquo;arbre de navigation (ci-apr\u00e8s d\u00e9nomm\u00e9s \u00ab\u00a0contenu\u00a0\u00bb) et tous les services ou ressources en ligne qui peuvent \u00eatre offerts aux utilisateurs (ci-apr\u00e8s d\u00e9nomm\u00e9s \u00ab\u00a0services\u00a0\u00bb). <\/p>\n\n<p>Cambrillones Jover se r\u00e9serve le droit de modifier, \u00e0 tout moment et sans pr\u00e9avis, la pr\u00e9sentation et la configuration du site Web et des contenus et services qui pourraient y \u00eatre incorpor\u00e9s. L&rsquo;Utilisateur reconna\u00eet et accepte qu&rsquo;\u00e0 tout moment Cambrillones Jover puisse interrompre, d\u00e9sactiver et\/ou annuler n&rsquo;importe lequel de ces \u00e9l\u00e9ments int\u00e9gr\u00e9s dans le site Web ou l&rsquo;acc\u00e8s \u00e0 ces derniers. <\/p>\n\n<p>L&rsquo;acc\u00e8s au site web par l&rsquo;utilisateur est libre et, en r\u00e8gle g\u00e9n\u00e9rale, gratuit, sans que l&rsquo;utilisateur n&rsquo;ait \u00e0 fournir de contrepartie pour en b\u00e9n\u00e9ficier, \u00e0 l&rsquo;exception du co\u00fbt de la connexion via le r\u00e9seau de t\u00e9l\u00e9communications fourni par le fournisseur d&rsquo;acc\u00e8s contract\u00e9 par l&rsquo;utilisateur.<\/p>\n\n<p>L&rsquo;utilisation de tout contenu ou service du site web peut \u00eatre subordonn\u00e9e \u00e0 l&rsquo;inscription ou \u00e0 l&rsquo;enregistrement pr\u00e9alable de l&rsquo;utilisateur.<\/p>\n\n<h3 class=\"wp-block-heading\"><strong>L&rsquo;utilisateur<\/strong><\/h3>\n\n<p>L&rsquo;acc\u00e8s, la navigation et l&rsquo;utilisation du site Web, ainsi que les espaces permettant d&rsquo;interagir entre les utilisateurs, et l&rsquo;utilisateur et Cambrillones Jover, tels que les commentaires et \/ ou les espaces de blogs, conf\u00e8re le statut d&rsquo;utilisateur, de sorte qu&rsquo;il est accept\u00e9, d\u00e8s le d\u00e9but de la navigation sur le site Web, toutes les conditions \u00e9nonc\u00e9es dans les pr\u00e9sentes, ainsi que ses modifications ult\u00e9rieures, sans pr\u00e9judice de l&rsquo;application de la r\u00e9glementation l\u00e9gale pertinente de conformit\u00e9 obligatoire, le cas \u00e9ch\u00e9ant. Compte tenu de la pertinence de ce qui pr\u00e9c\u00e8de, il est recommand\u00e9 \u00e0 l&rsquo;utilisateur de le lire chaque fois qu&rsquo;il visite le site Web. <\/p>\n\n<p>Le site Web de Cambrillones Jover fournit une grande diversit\u00e9 d&rsquo;informations, de services et de donn\u00e9es. L&rsquo;utilisateur assume la responsabilit\u00e9 de l&rsquo;utilisation correcte du site Web. Cette responsabilit\u00e9 s&rsquo;\u00e9tend \u00e0 :  <\/p>\n\n<ul class=\"wp-block-list\">\n<li>L&rsquo;utilisation de l&rsquo;information, des Contenus et\/ou des Services et des donn\u00e9es offerts par Cambrillones Jover sans autorisation est contraire \u00e0 ce qui est pr\u00e9vu dans les pr\u00e9sentes Conditions, \u00e0 la Loi, \u00e0 la morale ou \u00e0 l&rsquo;ordre public, ou qui de toute autre mani\u00e8re pourrait supposer une atteinte aux droits de tiers ou au fonctionnement m\u00eame du site Web.<\/li>\n\n\n\n<li>La v\u00e9racit\u00e9 et la l\u00e9galit\u00e9 des informations fournies par l&rsquo;utilisateur dans les formulaires mis \u00e0 disposition par Cambrillones Jover pour l&rsquo;acc\u00e8s \u00e0 certains contenus ou services offerts par le site Web. Dans tous les cas, l&rsquo;utilisateur notifiera imm\u00e9diatement \u00e0 Cambrillones Jover tout fait permettant l&rsquo;utilisation indue des informations enregistr\u00e9es dans les formulaires susmentionn\u00e9s, comme, mais pas seulement, le vol, la perte ou l&rsquo;acc\u00e8s non autoris\u00e9 aux identifiants et\/ou aux mots de passe, afin de proc\u00e9der \u00e0 son annulation imm\u00e9diate. <\/li>\n<\/ul>\n\n<p>Cambrillones Jover se r\u00e9serve le droit de supprimer tous les commentaires et contributions qui violent la loi, le respect de la dignit\u00e9 de la personne, qui sont discriminatoires, x\u00e9nophobes, racistes, pornographiques, qui envoient des spams, qui menacent la jeunesse ou l&rsquo;enfance, l&rsquo;ordre ou la s\u00e9curit\u00e9 publique ou qui, \u00e0 son avis, ne sont pas adapt\u00e9s \u00e0 la publication.<\/p>\n\n<p>Dans tous les cas, Cambrillones Jover ne sera pas responsable des opinions \u00e9mises par les utilisateurs \u00e0 travers les commentaires ou autres outils de blogging ou de participation qu&rsquo;ils peuvent avoir.<\/p>\n\n<p>Le simple acc\u00e8s \u00e0 ce site Web ne suppose pas l&rsquo;\u00e9tablissement d&rsquo;un quelconque type de relation \u00e0 caract\u00e8re commercial entre Cambrillones Jover et l&rsquo;utilisateur.<\/p>\n\n<p>L&rsquo;utilisateur d\u00e9clare \u00eatre majeur et avoir la capacit\u00e9 juridique suffisante pour \u00eatre li\u00e9 par les pr\u00e9sentes conditions. Par cons\u00e9quent, le site Web de Cambrillones Jover n&rsquo;est pas destin\u00e9 aux mineurs. Cambrillones Jover d\u00e9cline toute responsabilit\u00e9 en cas de non-respect de cette obligation.  <\/p>\n\n<p>Le site Web s&rsquo;adresse principalement aux utilisateurs r\u00e9sidant dans . Cambrillones Jover ne garantit pas que le site Web respecte les l\u00e9gislations d&rsquo;autres pays, en tout ou en partie. Si l&rsquo;utilisateur r\u00e9side ou a son domicile dans un autre lieu et d\u00e9cide d&rsquo;acc\u00e9der et\/ou de naviguer sur le site Web, il le fera sous sa propre responsabilit\u00e9, il devra s&rsquo;assurer que cet acc\u00e8s et cette navigation respectent la l\u00e9gislation locale qui lui est applicable, n&rsquo;assumant pas la responsabilit\u00e9 de Cambrillones Jover pour ce qui peut \u00eatre d\u00e9riv\u00e9 de cet acc\u00e8s.  <\/p>\n\n<h2 class=\"wp-block-heading\"><strong>III. ACC\u00c8S ET NAVIGATION SUR LE SITE WEB : EXCLUSION DE GARANTIE ET DE RESPONSABILIT\u00c9 <\/strong><\/h2>\n\n<p>Cambrillones Jover ne garantit pas la continuit\u00e9, la disponibilit\u00e9 et l&rsquo;utilit\u00e9 du site Web, ni des contenus ou des services. Cambrillones Jover fera tout son possible pour assurer le bon fonctionnement du site Web, mais n&rsquo;assume aucune responsabilit\u00e9 et ne garantit pas que l&rsquo;acc\u00e8s \u00e0 ce site Web sera ininterrompu ou exempt d&rsquo;erreurs. <\/p>\n\n<p>Cambrillones Jover n&rsquo;est pas responsable et ne garantit pas que le contenu ou le logiciel auquel il est possible d&rsquo;acc\u00e9der par le biais de ce site Web soit exempt d&rsquo;erreurs ou qu&rsquo;il cause des dommages au syst\u00e8me informatique (logiciel et mat\u00e9riel) de l&rsquo;utilisateur. En aucun cas Cambrillones Jover ne sera responsable des pertes, dommages ou pr\u00e9judices de toute nature d\u00e9coulant de l&rsquo;acc\u00e8s, de la navigation et de l&rsquo;utilisation du site Web, y compris, mais sans s&rsquo;y limiter, les dommages caus\u00e9s aux syst\u00e8mes informatiques ou ceux provoqu\u00e9s par l&rsquo;introduction de virus. <\/p>\n\n<p>Cambrillones Jover n&rsquo;est pas non plus responsable des dommages qui pourraient \u00eatre caus\u00e9s aux utilisateurs par une utilisation inad\u00e9quate de ce site Web. En particulier, elle n&rsquo;est en aucun cas responsable des chutes, interruptions, manques ou d\u00e9fauts des t\u00e9l\u00e9communications qui pourraient se produire. <\/p>\n\n<h2 class=\"wp-block-heading\"><strong>IV. POLITIQUE DE LIAISON <\/strong><\/h2>\n\n<p>Il est inform\u00e9 que le site web de Cambrillones Jover met ou peut mettre \u00e0 la disposition des utilisateurs des moyens de liaison (comme, entre autres, des liens, des banni\u00e8res, des boutons), des r\u00e9pertoires et des moteurs de recherche qui permettent aux utilisateurs d&rsquo;acc\u00e9der \u00e0 des sites web appartenant et\/ou g\u00e9r\u00e9s par des tiers.<\/p>\n\n<p>L&rsquo;installation de ces liens, r\u00e9pertoires et moteurs de recherche sur le site web a pour but de faciliter la recherche et l&rsquo;acc\u00e8s des utilisateurs aux informations disponibles sur Internet, et ne peut \u00eatre consid\u00e9r\u00e9e comme une suggestion, une recommandation ou une invitation \u00e0 les visiter.<\/p>\n\n<p>Cambrillones Jover n&rsquo;offre ni ne commercialise, par elle-m\u00eame ou par l&rsquo;interm\u00e9diaire de tiers, les produits et\/ou services disponibles sur ces sites li\u00e9s.<\/p>\n\n<p>Elle ne garantit pas non plus la disponibilit\u00e9 technique, l&rsquo;exactitude, la v\u00e9racit\u00e9, la validit\u00e9 ou la l\u00e9galit\u00e9 des sites ne lui appartenant pas et accessibles par les liens.<\/p>\n\n<p>Cambrillones Jover n&rsquo;examinera ni ne contr\u00f4lera en aucun cas le contenu d&rsquo;autres sites web, et n&rsquo;approuve, n&rsquo;examine ni ne fait sien les produits et services, le contenu, les fichiers et tout autre mat\u00e9riel existant dans les sites li\u00e9s r\u00e9f\u00e9renc\u00e9s.<\/p>\n\n<p>Cambrillones Jover n&rsquo;assume aucune responsabilit\u00e9 pour les dommages et pr\u00e9judices qui pourraient d\u00e9couler de l&rsquo;acc\u00e8s, de l&rsquo;utilisation, de la qualit\u00e9 ou de la l\u00e9galit\u00e9 des contenus, communications, opinions, produits et services des sites web non g\u00e9r\u00e9s par Cambrillones Jover et qui sont li\u00e9s \u00e0 ce site web.<\/p>\n\n<p>L&rsquo;utilisateur ou le tiers qui r\u00e9alise un hyperlien d&rsquo;une page web d&rsquo;un autre site web vers le site web de Cambrillones Jover devra le savoir :<\/p>\n\n<p>La reproduction &#8211; totale ou partielle &#8211; de tout contenu et\/ou service du site Web n&rsquo;est pas autoris\u00e9e sans l&rsquo;autorisation expresse de Cambrillones Jover.<\/p>\n\n<p>Il n&rsquo;est pas permis non plus toute manifestation fausse, inexacte ou incorrecte sur le site Web de Cambrillones Jover, ni sur les Contenus et\/ou Services de ce dernier.<\/p>\n\n<p>\u00c0 l&rsquo;exception de l&rsquo;hyperlien, le site Web dans lequel cet hyperlien est \u00e9tabli ne contiendra aucun \u00e9l\u00e9ment de ce site Web, prot\u00e9g\u00e9 comme propri\u00e9t\u00e9 intellectuelle par l&rsquo;ordre juridique espagnol, sauf autorisation expresse de Cambrillones Jover.<\/p>\n\n<p>L&rsquo;\u00e9tablissement de l&rsquo;hyperlien n&rsquo;impliquera pas l&rsquo;existence de relations entre Cambrillones Jover et le titulaire du site web \u00e0 partir duquel il est r\u00e9alis\u00e9, ni la connaissance et l&rsquo;acceptation par Cambrillones Jover des contenus, services et\/ou activit\u00e9s offerts dans le site web susmentionn\u00e9, et vice versa.<\/p>\n\n<h2 class=\"wp-block-heading\"><strong>V. PROPRI\u00c9T\u00c9 INTELLECTUELLE ET INDUSTRIELLE<\/strong><\/h2>\n\n<p>Cambrillones Jover est titulaire, par elle-m\u00eame ou en tant que cessionnaire, de tous les droits de propri\u00e9t\u00e9 intellectuelle et industrielle du site Web, ainsi que des \u00e9l\u00e9ments qu&rsquo;il contient (y compris, mais sans s&rsquo;y limiter, les images, le son, l&rsquo;audio, la vid\u00e9o, le logiciel ou le texte, les marques ou les logos, les combinaisons de couleurs, la structure et la conception, la s\u00e9lection des mat\u00e9riaux utilis\u00e9s, les programmes informatiques n\u00e9cessaires \u00e0 son fonctionnement, \u00e0 son acc\u00e8s et \u00e0 son utilisation, etc.) ). Il s&rsquo;agit donc d&rsquo;\u0153uvres prot\u00e9g\u00e9es en tant que propri\u00e9t\u00e9 intellectuelle par le syst\u00e8me juridique espagnol, auquel s&rsquo;appliquent les r\u00e9glementations espagnoles et communautaires en la mati\u00e8re, ainsi que les trait\u00e9s internationaux sign\u00e9s par l&rsquo;Espagne en la mati\u00e8re. <\/p>\n\n<p>Tous les droits sont r\u00e9serv\u00e9s. En vertu des dispositions de la loi sur la propri\u00e9t\u00e9 intellectuelle, la reproduction, la distribution et la communication publique, y compris sa modalit\u00e9 de mise \u00e0 disposition, de la totalit\u00e9 ou d&rsquo;une partie du contenu de cette page web, \u00e0 des fins commerciales, sur n&rsquo;importe quel support et par n&rsquo;importe quel moyen technique, sans l&rsquo;autorisation de Cambrillones Jover, sont express\u00e9ment interdites. <\/p>\n\n<p>L&rsquo;Utilisateur s&rsquo;engage \u00e0 respecter les droits de propri\u00e9t\u00e9 intellectuelle et industrielle de Cambrillones Jover. Il pourra visualiser les \u00e9l\u00e9ments du site Web ou m\u00eame les imprimer, les copier et les stocker dans le disque dur de son ordinateur ou dans tout autre support physique lorsque c&rsquo;est, exclusivement, pour son usage personnel. L&rsquo;utilisateur ne pourra toutefois pas supprimer, alt\u00e9rer ou manipuler tout dispositif de protection ou syst\u00e8me de s\u00e9curit\u00e9 install\u00e9 sur le site web.  <\/p>\n\n<p>Si l&rsquo;utilisateur ou un tiers consid\u00e8re que l&rsquo;un des contenus du site Web suppose une violation des droits de protection de la propri\u00e9t\u00e9 intellectuelle, il devra le communiquer imm\u00e9diatement \u00e0 Cambrillones Jover \u00e0 travers les informations de contact de la section d&rsquo;INFORMATION G\u00c9N\u00c9RALE du pr\u00e9sent avis juridique et des conditions g\u00e9n\u00e9rales d&rsquo;utilisation.<\/p>\n\n<h2 class=\"wp-block-heading\"><strong>VI. ACTIONS EN JUSTICE, DROIT APPLICABLE ET JURIDICTION <\/strong><\/h2>\n\n<p>Cambrillones Jover se r\u00e9serve la facult\u00e9 de pr\u00e9senter les actions civiles ou p\u00e9nales qu&rsquo;elle consid\u00e8re n\u00e9cessaires en raison de l&rsquo;utilisation indue du site Web et des contenus, ou de la violation des pr\u00e9sentes conditions.<\/p>\n\n<p>La relation entre l&rsquo;utilisateur et Cambrillones Jover sera r\u00e9gie par la r\u00e9glementation en vigueur et applicable sur le territoire espagnol. En cas de controverse sur l&rsquo;interpr\u00e9tation et\/ou l&rsquo;application de ces conditions, les parties soumettront leurs conflits \u00e0 la juridiction ordinaire des juges et des tribunaux comp\u00e9tents. <\/p>\n","protected":false},"excerpt":{"rendered":"<p>I. INFORMATIONS G\u00c9N\u00c9RALES Conform\u00e9ment \u00e0 l&rsquo;obligation d&rsquo;information pr\u00e9vue par la loi 34\/2002 sur les services de la soci\u00e9t\u00e9 de l&rsquo;information [&hellip;]<\/p>\n","protected":false},"author":5,"featured_media":0,"parent":0,"menu_order":0,"comment_status":"closed","ping_status":"closed","template":"","meta":{"_uag_custom_page_level_css":"","site-sidebar-layout":"default","site-content-layout":"","ast-site-content-layout":"default","site-content-style":"default","site-sidebar-style":"default","ast-global-header-display":"","ast-banner-title-visibility":"","ast-main-header-display":"","ast-hfb-above-header-display":"","ast-hfb-below-header-display":"","ast-hfb-mobile-header-display":"","site-post-title":"","ast-breadcrumbs-content":"","ast-featured-img":"","footer-sml-layout":"","ast-disable-related-posts":"","theme-transparent-header-meta":"","adv-header-id-meta":"","stick-header-meta":"","header-above-stick-meta":"","header-main-stick-meta":"","header-below-stick-meta":"","astra-migrate-meta-layouts":"default","ast-page-background-enabled":"default","ast-page-background-meta":{"desktop":{"background-color":"var(--ast-global-color-5)","background-image":"","background-repeat":"repeat","background-position":"center center","background-size":"auto","background-attachment":"scroll","background-type":"","background-media":"","overlay-type":"","overlay-color":"","overlay-opacity":"","overlay-gradient":""},"tablet":{"background-color":"","background-image":"","background-repeat":"repeat","background-position":"center center","background-size":"auto","background-attachment":"scroll","background-type":"","background-media":"","overlay-type":"","overlay-color":"","overlay-opacity":"","overlay-gradient":""},"mobile":{"background-color":"","background-image":"","background-repeat":"repeat","background-position":"center center","background-size":"auto","background-attachment":"scroll","background-type":"","background-media":"","overlay-type":"","overlay-color":"","overlay-opacity":"","overlay-gradient":""}},"ast-content-background-meta":{"desktop":{"background-color":"var(--ast-global-color-4)","background-image":"","background-repeat":"repeat","background-position":"center center","background-size":"auto","background-attachment":"scroll","background-type":"","background-media":"","overlay-type":"","overlay-color":"","overlay-opacity":"","overlay-gradient":""},"tablet":{"background-color":"var(--ast-global-color-4)","background-image":"","background-repeat":"repeat","background-position":"center center","background-size":"auto","background-attachment":"scroll","background-type":"","background-media":"","overlay-type":"","overlay-color":"","overlay-opacity":"","overlay-gradient":""},"mobile":{"background-color":"var(--ast-global-color-4)","background-image":"","background-repeat":"repeat","background-position":"center center","background-size":"auto","background-attachment":"scroll","background-type":"","background-media":"","overlay-type":"","overlay-color":"","overlay-opacity":"","overlay-gradient":""}},"_joinchat":[],"footnotes":""},"class_list":["post-61068","page","type-page","status-publish","hentry"],"spectra_custom_meta":{"rank_math_internal_links_processed":["1"],"_top_nav_excluded":[""],"_cms_nav_minihome":[""],"_wp_page_template":["default"],"rank_math_robots":["a:1:{i:0;s:7:\"noindex\";}"],"_last_translation_edit_mode":["translation-editor"],"_wpml_word_count":["2136"],"_uag_page_assets":["a:9:{s:3:\"css\";s:4019:\".uag-blocks-common-selector{z-index:var(--z-index-desktop) !important}@media (max-width: 976px){.uag-blocks-common-selector{z-index:var(--z-index-tablet) !important}}@media (max-width: 767px){.uag-blocks-common-selector{z-index:var(--z-index-mobile) !important}}\n.wp-block-uagb-advanced-heading h1,.wp-block-uagb-advanced-heading h2,.wp-block-uagb-advanced-heading h3,.wp-block-uagb-advanced-heading h4,.wp-block-uagb-advanced-heading h5,.wp-block-uagb-advanced-heading h6,.wp-block-uagb-advanced-heading p,.wp-block-uagb-advanced-heading div{word-break:break-word}.wp-block-uagb-advanced-heading .uagb-heading-text{margin:0}.wp-block-uagb-advanced-heading .uagb-desc-text{margin:0}.wp-block-uagb-advanced-heading .uagb-separator{font-size:0;border-top-style:solid;display:inline-block;margin:0 0 10px 0}.wp-block-uagb-advanced-heading .uagb-highlight{color:#f78a0c;border:0;transition:all 0.3s ease}.uag-highlight-toolbar{border-left:0;border-top:0;border-bottom:0;border-radius:0;border-right-color:#1e1e1e}.uag-highlight-toolbar .components-button{border-radius:0;outline:none}.uag-highlight-toolbar .components-button.is-primary{color:#fff}\n.wp-block-uagb-advanced-heading.uagb-block-04802978.wp-block-uagb-advanced-heading .uagb-heading-text{color: var(--ast-global-color-1);}.wp-block-uagb-advanced-heading.uagb-block-04802978.wp-block-uagb-advanced-heading .uagb-desc-text{margin-bottom: 15px;}.wp-block-uagb-advanced-heading.uagb-block-04802978.wp-block-uagb-advanced-heading .uagb-highlight{font-style: normal;font-weight: Default;background: #007cba;color: #fff;-webkit-text-fill-color: #fff;}.wp-block-uagb-advanced-heading.uagb-block-04802978.wp-block-uagb-advanced-heading .uagb-highlight::-moz-selection{color: #fff;background: #007cba;-webkit-text-fill-color: #fff;}.wp-block-uagb-advanced-heading.uagb-block-04802978.wp-block-uagb-advanced-heading .uagb-highlight::selection{color: #fff;background: #007cba;-webkit-text-fill-color: #fff;}.wp-block-uagb-advanced-heading.uagb-block-329afc47.wp-block-uagb-advanced-heading .uagb-heading-text{color: var(--ast-global-color-1);}.wp-block-uagb-advanced-heading.uagb-block-329afc47.wp-block-uagb-advanced-heading .uagb-desc-text{margin-bottom: 15px;}.wp-block-uagb-advanced-heading.uagb-block-329afc47.wp-block-uagb-advanced-heading .uagb-highlight{font-style: normal;font-weight: Default;background: #007cba;color: #fff;-webkit-text-fill-color: #fff;}.wp-block-uagb-advanced-heading.uagb-block-329afc47.wp-block-uagb-advanced-heading .uagb-highlight::-moz-selection{color: #fff;background: #007cba;-webkit-text-fill-color: #fff;}.wp-block-uagb-advanced-heading.uagb-block-329afc47.wp-block-uagb-advanced-heading .uagb-highlight::selection{color: #fff;background: #007cba;-webkit-text-fill-color: #fff;}.wp-block-uagb-advanced-heading.uagb-block-329afc47 .uagb-heading-text{text-transform: uppercase;}.wp-block-uagb-advanced-heading.uagb-block-63d8ce74.wp-block-uagb-advanced-heading .uagb-heading-text{color: var(--ast-global-color-1);}.wp-block-uagb-advanced-heading.uagb-block-63d8ce74.wp-block-uagb-advanced-heading {text-align: right;}.wp-block-uagb-advanced-heading.uagb-block-63d8ce74.wp-block-uagb-advanced-heading .uagb-desc-text{margin-bottom: 15px;}.wp-block-uagb-advanced-heading.uagb-block-63d8ce74.wp-block-uagb-advanced-heading .uagb-highlight{font-style: normal;font-weight: Default;background: #007cba;color: #fff;-webkit-text-fill-color: #fff;}.wp-block-uagb-advanced-heading.uagb-block-63d8ce74.wp-block-uagb-advanced-heading .uagb-highlight::-moz-selection{color: #fff;background: #007cba;-webkit-text-fill-color: #fff;}.wp-block-uagb-advanced-heading.uagb-block-63d8ce74.wp-block-uagb-advanced-heading .uagb-highlight::selection{color: #fff;background: #007cba;-webkit-text-fill-color: #fff;}.wp-block-uagb-advanced-heading.uagb-block-63d8ce74 .uagb-heading-text{text-transform: uppercase;}@media only screen and (max-width: 767px) {.wp-block-uagb-advanced-heading.uagb-block-63d8ce74.wp-block-uagb-advanced-heading {text-align: center;}}\";s:2:\"js\";s:0:\"\";s:18:\"current_block_list\";a:23:{i:0;s:12:\"core\/heading\";i:1;s:14:\"core\/paragraph\";i:2;s:9:\"core\/list\";i:3;s:14:\"core\/list-item\";i:4;s:10:\"core\/image\";i:5;s:21:\"uagb\/advanced-heading\";i:6;s:11:\"core\/search\";i:7;s:27:\"woocommerce\/product-filters\";i:8;s:33:\"woocommerce\/product-filter-active\";i:9;s:42:\"woocommerce\/product-filter-removable-chips\";i:10;s:39:\"woocommerce\/product-filter-clear-button\";i:11;s:12:\"core\/buttons\";i:12;s:11:\"core\/button\";i:13;s:32:\"woocommerce\/product-filter-price\";i:14;s:39:\"woocommerce\/product-filter-price-slider\";i:15;s:33:\"woocommerce\/product-filter-rating\";i:16;s:40:\"woocommerce\/product-filter-checkbox-list\";i:17;s:36:\"woocommerce\/product-filter-attribute\";i:18;s:33:\"woocommerce\/product-filter-status\";i:19;s:30:\"woocommerce\/product-categories\";i:20;s:28:\"woocommerce\/featured-product\";i:21;s:17:\"core\/social-links\";i:22;s:16:\"core\/social-link\";}s:8:\"uag_flag\";b:1;s:11:\"uag_version\";s:10:\"1777431631\";s:6:\"gfonts\";a:0:{}s:10:\"gfonts_url\";s:0:\"\";s:12:\"gfonts_files\";a:0:{}s:14:\"uag_faq_layout\";b:0;}"],"_uag_css_file_name":["uag-css-61068.css"]},"uagb_featured_image_src":{"full":false,"thumbnail":false,"medium":false,"medium_large":false,"large":false,"1536x1536":false,"2048x2048":false,"woocommerce_thumbnail":false,"woocommerce_single":false,"woocommerce_gallery_thumbnail":false},"uagb_author_info":{"display_name":"Redflexion","author_link":"https:\/\/cambrillonesjover.com\/fr\/author\/redflexion\/"},"uagb_comment_info":0,"uagb_excerpt":"I. INFORMATIONS G\u00c9N\u00c9RALES Conform\u00e9ment \u00e0 l&rsquo;obligation d&rsquo;information pr\u00e9vue par la loi 34\/2002 sur les services de la soci\u00e9t\u00e9 de l&rsquo;information [&hellip;]","_links":{"self":[{"href":"https:\/\/cambrillonesjover.com\/fr\/wp-json\/wp\/v2\/pages\/61068","targetHints":{"allow":["GET"]}}],"collection":[{"href":"https:\/\/cambrillonesjover.com\/fr\/wp-json\/wp\/v2\/pages"}],"about":[{"href":"https:\/\/cambrillonesjover.com\/fr\/wp-json\/wp\/v2\/types\/page"}],"author":[{"embeddable":true,"href":"https:\/\/cambrillonesjover.com\/fr\/wp-json\/wp\/v2\/users\/5"}],"replies":[{"embeddable":true,"href":"https:\/\/cambrillonesjover.com\/fr\/wp-json\/wp\/v2\/comments?post=61068"}],"version-history":[{"count":1,"href":"https:\/\/cambrillonesjover.com\/fr\/wp-json\/wp\/v2\/pages\/61068\/revisions"}],"predecessor-version":[{"id":61069,"href":"https:\/\/cambrillonesjover.com\/fr\/wp-json\/wp\/v2\/pages\/61068\/revisions\/61069"}],"wp:attachment":[{"href":"https:\/\/cambrillonesjover.com\/fr\/wp-json\/wp\/v2\/media?parent=61068"}],"curies":[{"name":"wp","href":"https:\/\/api.w.org\/{rel}","templated":true}]}}