{"id":59347,"date":"2020-02-14T07:46:42","date_gmt":"2020-02-14T06:46:42","guid":{"rendered":"https:\/\/cambrillonesjover.com\/politique-en-matiere-de-cookies-3\/"},"modified":"2020-02-14T07:46:42","modified_gmt":"2020-02-14T06:46:42","slug":"politique-en-matiere-de-cookies-3","status":"publish","type":"page","link":"https:\/\/cambrillonesjover.com\/fr\/politique-en-matiere-de-cookies-3\/","title":{"rendered":"Politique en mati\u00e8re de cookies"},"content":{"rendered":"<p>[vc_row css_animation=\u00a0\u00bb\u00a0\u00bb row_type=\u00a0\u00bbrow\u00a0\u00bb use_row_as_full_screen_section=\u00a0\u00bbno\u00a0\u00bb type=\u00a0\u00bbfull_width\u00a0\u00bb angled_section=\u00a0\u00bbno\u00a0\u00bb text_align=\u00a0\u00bbleft\u00a0\u00bb background_image_as_pattern=\u00a0\u00bbwithout_pattern\u00a0\u00bb][vc_column][vc_column_text]<\/p>\n<h1 style=\"font-size: 40px; font-weight: 300;\">POLITIQUE EN MATI\u00c8RE DE COOKIES<\/h1>\n<hr>\n<div id=\"clickdatos\">\n<p>Sur le site web <a href=\"https:\/\/cambrillonesjover.com\/fr\/\" target=\"_blank\" rel=\"nofollow noopener noreferrer\">https:\/\/cambrillonesjover.com<\/a> (ci-apr\u00e8s, le site web), nous utilisons des cookies pour faciliter la relation entre les visiteurs et notre contenu et pour nous permettre d&rsquo;\u00e9tablir des statistiques sur les visiteurs que nous recevons.<\/p>\n<p>Nous vous informons que nous pouvons utiliser des cookies afin de faciliter votre navigation sur le site web, de vous distinguer des autres utilisateurs, de vous offrir une meilleure exp\u00e9rience dans l&rsquo;utilisation du site web et d&rsquo;identifier les probl\u00e8mes afin d&rsquo;am\u00e9liorer notre site web.<\/p>\n<p><strong>Qu&rsquo;est-ce qu&rsquo;un biscuit ?<\/strong><br \/>\nLes cookies sont de petits fichiers enregistr\u00e9s dans le navigateur utilis\u00e9 par chaque visiteur de notre site web afin que le serveur puisse se souvenir de la visite de cet utilisateur \u00e0 une date ult\u00e9rieure lorsqu&rsquo;il acc\u00e8de \u00e0 nouveau \u00e0 notre contenu. Ces informations ne r\u00e9v\u00e8lent ni votre identit\u00e9 ni aucune donn\u00e9e personnelle et n&rsquo;acc\u00e8dent pas non plus au contenu stock\u00e9 sur votre ordinateur, mais elles permettent \u00e0 notre syst\u00e8me de vous identifier en tant qu&rsquo;utilisateur sp\u00e9cifique ayant d\u00e9j\u00e0 visit\u00e9 le site web, consult\u00e9 certaines pages, etc. et elles nous permettent \u00e9galement d&rsquo;enregistrer vos pr\u00e9f\u00e9rences personnelles et des informations techniques. <\/p>\n<p>Conform\u00e9ment \u00e0 la directive 2009\/136\/CE, transpos\u00e9e dans notre l\u00e9gislation par l&rsquo;article 22, deuxi\u00e8me alin\u00e9a, de la LSSI, suivant les lignes directrices de l&rsquo;AEPD, nous proc\u00e9dons \u00e0 une information d\u00e9taill\u00e9e de l&rsquo;utilisation qui est faite de notre site web.<\/p>\n<p>Ci-dessous, les cookies sont class\u00e9s selon une s\u00e9rie de cat\u00e9gories. Cependant, il est n\u00e9cessaire de garder \u00e0 l&rsquo;esprit qu&rsquo;un m\u00eame cookie peut \u00eatre inclus dans plus d&rsquo;une cat\u00e9gorie. <\/p>\n<div>\n<p><strong>Types de cookies en fonction de l&rsquo;entit\u00e9 qui les g\u00e8re<\/strong><\/p>\n<ul>\n<li>Les propres cookies : ce sont ceux qui sont envoy\u00e9s \u00e0 l&rsquo;\u00e9quipement terminal de l&rsquo;utilisateur \u00e0 partir d&rsquo;un ordinateur ou d&rsquo;un domaine g\u00e9r\u00e9 par l&rsquo;\u00e9diteur lui-m\u00eame.<\/li>\n<li>Cookies de tiers : ce sont ceux qui sont envoy\u00e9s \u00e0 l&rsquo;\u00e9quipement terminal de l&rsquo;utilisateur \u00e0 partir d&rsquo;un ordinateur ou d&rsquo;un domaine qui n&rsquo;est pas g\u00e9r\u00e9 par l&rsquo;\u00e9diteur, mais par une autre entit\u00e9 qui traite les donn\u00e9es.<\/li>\n<\/ul>\n<div>\n<p><strong>Types de cookies en fonction de leur dur\u00e9e d&rsquo;activit\u00e9<\/strong><\/p>\n<ul>\n<li>Cookies de session : il s&rsquo;agit d&rsquo;un type de cookie con\u00e7u pour collecter et stocker des donn\u00e9es pendant que l&rsquo;utilisateur acc\u00e8de \u00e0 une page web.<\/li>\n<li>Cookies persistants : Il s&rsquo;agit d&rsquo;un type de cookie dans lequel les donn\u00e9es restent stock\u00e9es dans le terminal et peuvent \u00eatre consult\u00e9es et trait\u00e9es pendant une p\u00e9riode d\u00e9finie par le responsable du cookie, qui peut aller de quelques minutes \u00e0 plusieurs ann\u00e9es.<\/li>\n<\/ul>\n<\/div>\n<\/div>\n<div>\n<p><strong>Types de cookies en fonction de leur finalit\u00e9<\/strong><\/p>\n<ul>\n<li>Cookies techniques : ceux qui permettent \u00e0 l&rsquo;utilisateur de naviguer sur un site web, une plateforme ou une application et d&rsquo;utiliser les diff\u00e9rentes options ou services qui y sont propos\u00e9s.<\/li>\n<li>Cookies de personnalisation : ces cookies permettent \u00e0 l&rsquo;utilisateur d&rsquo;acc\u00e9der au service avec certaines caract\u00e9ristiques g\u00e9n\u00e9rales pr\u00e9d\u00e9finies sur la base d&rsquo;une s\u00e9rie de crit\u00e8res dans le terminal de l&rsquo;utilisateur.<\/li>\n<li>Cookies publicitaires : Ce sont ceux qui permettent de g\u00e9rer, de la mani\u00e8re la plus efficace possible, les espaces publicitaires que, le cas \u00e9ch\u00e9ant, l&rsquo;\u00e9diteur a inclus sur une page web.<\/li>\n<li>Cookies de publicit\u00e9 comportementale : Ces cookies permettent de g\u00e9rer, de la mani\u00e8re la plus efficace possible, les espaces publicitaires que l&rsquo;\u00e9diteur a, le cas \u00e9ch\u00e9ant, inclus sur un site web. Ces cookies stockent des informations sur le comportement des utilisateurs obtenues gr\u00e2ce \u00e0 l&rsquo;observation continue de leurs habitudes de navigation, ce qui permet de d\u00e9velopper un profil sp\u00e9cifique afin d&rsquo;afficher des publicit\u00e9s bas\u00e9es sur ce dernier. <\/li>\n<li>Cookies d&rsquo;analyse : Ces cookies permettent au responsable de surveiller et d&rsquo;analyser le comportement des utilisateurs des sites web auxquels ils sont li\u00e9s. Les informations collect\u00e9es par ce type de cookies sont utilis\u00e9es pour mesurer l&rsquo;activit\u00e9 des sites web, afin d&rsquo;introduire des am\u00e9liorations bas\u00e9es sur l&rsquo;analyse des donn\u00e9es relatives \u00e0 l&rsquo;utilisation faite par les utilisateurs du service. <\/li>\n<\/ul>\n<\/div>\n<p>Actuellement, la plupart des navigateurs sont configur\u00e9s par d\u00e9faut pour bloquer l&rsquo;installation de cookies publicitaires ou de tiers sur votre ordinateur. L&rsquo;utilisateur peut \u00e9tendre les restrictions d&rsquo;origine, en emp\u00eachant l&rsquo;entr\u00e9e de tout type de cookie, ou supprimer ces restrictions, en acceptant l&rsquo;entr\u00e9e de tout type de cookie. Si vous souhaitez accepter des cookies publicitaires ou de tiers, vous pouvez configurer votre navigateur \u00e0 cette fin.  <\/p>\n<p>L&rsquo;acceptation faite par l&rsquo;utilisateur, en cliquant sur le bouton <strong>ACCEPTER<\/strong> affich\u00e9 dans l&rsquo;information initiale sur les cookies, implique que vous consentez express\u00e9ment au responsable de leur utilisation, et peut exercer ses droits et r\u00e9voquer son consentement \u00e0 tout moment, par le biais d&rsquo;une demande \u00e0 Grupo Jover.<\/p>\n<p>Vous trouverez ci-dessous des informations d\u00e9taill\u00e9es sur tous les cookies qui peuvent \u00eatre install\u00e9s sur notre site web. En fonction de votre navigation, de la configuration de votre navigateur et de votre acceptation ou refus de ceux-ci, tous les cookies ou seulement certains d&rsquo;entre eux peuvent \u00eatre install\u00e9s. <\/p>\n<div id=\"listadodecookies\">\n<table style=\"border: 1px solid black;\">\n<tbody>\n<tr align=\"center\">\n<td style=\"border: 1px solid black;\">Nom de l&rsquo;entreprise<\/td>\n<td style=\"border: 1px solid black;\">Cat\u00e9gorie<\/td>\n<td style=\"border: 1px solid black;\">Description du bien<\/td>\n<td style=\"border: 1px solid black;\">Propri\u00e9t\u00e9<\/td>\n<td style=\"border: 1px solid black;\">Dur\u00e9e de vie<\/td>\n<\/tr>\n<tr id=\"\" align=\"center\">\n<td style=\"border: 1px solid black;\"><\/td>\n<td style=\"border: 1px solid black;\"><\/td>\n<td style=\"border: 1px solid black;\"><\/td>\n<td style=\"border: 1px solid black;\"><\/td>\n<td style=\"border: 1px solid black;\"><\/td>\n<\/tr>\n<tr id=\"\" align=\"center\">\n<td style=\"border: 1px solid black;\"><\/td>\n<td style=\"border: 1px solid black;\"><\/td>\n<td style=\"border: 1px solid black;\"><\/td>\n<td style=\"border: 1px solid black;\"><\/td>\n<td style=\"border: 1px solid black;\"><\/td>\n<\/tr>\n<tr id=\"wp-settings-\" align=\"center\">\n<td style=\"border: 1px solid black;\">wp-settings-<\/td>\n<td style=\"border: 1px solid black;\">Fonctionnalit\u00e9<\/td>\n<td style=\"border: 1px solid black;\">Utilis\u00e9 pour personnaliser l&rsquo;interface utilisateur.<\/td>\n<td style=\"border: 1px solid black;\">Propre \u00e0 l&rsquo;utilisateur<\/td>\n<td style=\"border: 1px solid black;\">1 an<\/td>\n<\/tr>\n<tr id=\"wp-settings-time-\" align=\"center\">\n<td style=\"border: 1px solid black;\">wp-settings-time-<\/td>\n<td style=\"border: 1px solid black;\">Fonctionnalit\u00e9<\/td>\n<td style=\"border: 1px solid black;\">Utilis\u00e9 pour personnaliser l&rsquo;interface utilisateur.<\/td>\n<td style=\"border: 1px solid black;\">Propre<\/td>\n<td style=\"border: 1px solid black;\">Fin de la session<\/td>\n<\/tr>\n<tr id=\"_utma\" align=\"center\">\n<td style=\"border: 1px solid black;\">_utma<\/td>\n<td style=\"border: 1px solid black;\">Analyse<\/td>\n<td style=\"border: 1px solid black;\">Utilis\u00e9 pour distinguer les utilisateurs et les sessions.<\/td>\n<td style=\"border: 1px solid black;\">Tiers<\/td>\n<td style=\"border: 1px solid black;\">2 ans<\/td>\n<\/tr>\n<tr id=\"_utmc\" align=\"center\">\n<td style=\"border: 1px solid black;\">_utmc<\/td>\n<td style=\"border: 1px solid black;\">Analyse<\/td>\n<td style=\"border: 1px solid black;\">Non utilis\u00e9 dans ga.js. Il est configur\u00e9 pour interagir avec urchin.js. <\/td>\n<td style=\"border: 1px solid black;\">Tiers<\/td>\n<td style=\"border: 1px solid black;\">Fin de la session<\/td>\n<\/tr>\n<tr id=\"_utmz\" align=\"center\">\n<td style=\"border: 1px solid black;\">_utmz<\/td>\n<td style=\"border: 1px solid black;\">Analyse<\/td>\n<td style=\"border: 1px solid black;\">Enregistre la source de trafic ou la campagne qui explique comment l&rsquo;utilisateur a atteint le site.<\/td>\n<td style=\"border: 1px solid black;\">Tiers<\/td>\n<td style=\"border: 1px solid black;\">6 mois<\/td>\n<\/tr>\n<tr id=\"pll_language\" align=\"center\">\n<td style=\"border: 1px solid black;\">pll_language<\/td>\n<td style=\"border: 1px solid black;\">Fonctionnalit\u00e9<\/td>\n<td style=\"border: 1px solid black;\">Polylang est une extension qui permet de rendre les sites web WordPress multilingues.<\/td>\n<td style=\"border: 1px solid black;\">Propri\u00e9t\u00e9 de<\/td>\n<td style=\"border: 1px solid black;\">1 an<\/td>\n<\/tr>\n<tr id=\"vchideactivationmsg_vc11\" align=\"center\">\n<td style=\"border: 1px solid black;\">vchideactivationmsg_vc11<\/td>\n<td style=\"border: 1px solid black;\">Fonctionnalit\u00e9<\/td>\n<td style=\"border: 1px solid black;\">Nous ne connaissons pas l&rsquo;origine du cookie<\/td>\n<td style=\"border: 1px solid black;\">Tiers<\/td>\n<td style=\"border: 1px solid black;\">Nous ne connaissons pas l&rsquo;origine du cookie<\/td>\n<\/tr>\n<tr id=\"__utmz\" align=\"center\">\n<td style=\"border: 1px solid black;\">__utmz<\/td>\n<td style=\"border: 1px solid black;\">Fonctionnalit\u00e9<\/td>\n<td style=\"border: 1px solid black;\">Nous ne connaissons pas l&rsquo;origine du cookie<\/td>\n<td style=\"border: 1px solid black;\">Tiers<\/td>\n<td style=\"border: 1px solid black;\">Nous ne connaissons pas l&rsquo;origine du cookie<\/td>\n<\/tr>\n<tr id=\"__utma\" align=\"center\">\n<td style=\"border: 1px solid black;\">__utma<\/td>\n<td style=\"border: 1px solid black;\">Fonctionnalit\u00e9<\/td>\n<td style=\"border: 1px solid black;\">Nous ne connaissons pas l&rsquo;origine du cookie<\/td>\n<td style=\"border: 1px solid black;\">Tiers<\/td>\n<td style=\"border: 1px solid black;\">Nous ne connaissons pas l&rsquo;origine du cookie<\/td>\n<\/tr>\n<tr id=\"__utmc\" align=\"center\">\n<td style=\"border: 1px solid black;\">__utmc<\/td>\n<td style=\"border: 1px solid black;\">Fonctionnalit\u00e9<\/td>\n<td style=\"border: 1px solid black;\">Nous ne connaissons pas l&rsquo;origine du cookie<\/td>\n<td style=\"border: 1px solid black;\">Tiers<\/td>\n<td style=\"border: 1px solid black;\">Nous ne connaissons pas l&rsquo;origine du cookie<\/td>\n<\/tr>\n<tr id=\"tk_ai\" align=\"center\">\n<td style=\"border: 1px solid black;\">tk_ai<\/td>\n<td style=\"border: 1px solid black;\">Fonctionnalit\u00e9<\/td>\n<td style=\"border: 1px solid black;\">Nous ne connaissons pas l&rsquo;origine du cookie<\/td>\n<td style=\"border: 1px solid black;\">Tiers<\/td>\n<td style=\"border: 1px solid black;\">Nous ne connaissons pas l&rsquo;origine du cookie<\/td>\n<\/tr>\n<\/tbody>\n<\/table>\n<\/div>\n<p>Nous pouvons mettre \u00e0 jour la politique en mati\u00e8re de cookies sur notre site web, c&rsquo;est pourquoi nous vous recommandons de consulter cette politique chaque fois que vous acc\u00e9dez \u00e0 notre site web afin d&rsquo;\u00eatre correctement inform\u00e9 sur la mani\u00e8re dont nous utilisons les cookies et sur les raisons pour lesquelles nous les utilisons.<\/p>\n<p>Si vous ne souhaitez pas que des cookies soient enregistr\u00e9s dans votre navigateur ou si vous pr\u00e9f\u00e9rez recevoir une information chaque fois qu&rsquo;un cookie demande \u00e0 \u00eatre install\u00e9, vous pouvez configurer vos options de navigation de mani\u00e8re \u00e0 ce que ce soit le cas. La plupart des navigateurs permettent de g\u00e9rer les cookies de 3 mani\u00e8res diff\u00e9rentes : <\/p>\n<ul>\n<li>Les cookies sont toujours rejet\u00e9s ;<\/li>\n<li>Le navigateur demande \u00e0 l&rsquo;utilisateur s&rsquo;il souhaite installer chaque cookie ;<\/li>\n<li>Les cookies sont toujours accept\u00e9s ;<\/li>\n<\/ul>\n<p>Votre navigateur peut \u00e9galement offrir la possibilit\u00e9 de s\u00e9lectionner en d\u00e9tail les cookies que vous souhaitez voir install\u00e9s sur votre ordinateur. Plus pr\u00e9cis\u00e9ment, l&rsquo;utilisateur peut normalement accepter l&rsquo;une des options suivantes : <\/p>\n<ul>\n<li>Refuser les cookies provenant de certains domaines ;<\/li>\n<li>Refuser les cookies de tiers ;<\/li>\n<li>Acceptez les cookies comme non persistants (ils sont supprim\u00e9s lorsque le navigateur est ferm\u00e9) ;<\/li>\n<li>Autoriser le serveur \u00e0 cr\u00e9er des cookies pour un domaine diff\u00e9rent.<\/li>\n<\/ul>\n<p>Pour autoriser, conna\u00eetre, bloquer ou supprimer les cookies install\u00e9s sur votre ordinateur, vous pouvez le faire en configurant les options du navigateur install\u00e9 sur votre ordinateur.<\/p>\n<p>Vous trouverez des informations sur la mani\u00e8re de configurer les navigateurs les plus couramment utilis\u00e9s aux endroits suivants :<\/p>\n<ul>\n<li><strong>Internet Explorer<\/strong>: Outils -&gt; Options Internet -&gt; Confidentialit\u00e9 -&gt; Param\u00e8tres. Pour plus d&rsquo;informations, vous pouvez consulter le <a href=\"http:\/\/windows.microsoft.com\/es-ES\/windows\/support\" target=\"_blank\" rel=\"nofollow noopener noreferrer\">support Microsoft<\/a> ou l&rsquo;aide du navigateur. <\/li>\n<li><strong>Firefox<\/strong>: Outils -&gt; Options -&gt; Confidentialit\u00e9 -&gt; Historique -&gt; Param\u00e8tres personnalis\u00e9s. Pour plus d&rsquo;informations, vous pouvez consulter le <a target=\"_blank\" rel=\"noopener noreferrer\">support Mozilla<\/a> ou l&rsquo;aide du navigateur. <\/li>\n<li><strong>Chrome<\/strong>: Param\u00e8tres -&gt; Afficher les options avanc\u00e9es -&gt; Confidentialit\u00e9 -&gt; Param\u00e8tres de contenu. Pour plus d&rsquo;informations, vous pouvez consulter l&rsquo;<a target=\"_blank\" rel=\"noopener noreferrer\">assistance de Google<\/a> ou l&rsquo;aide du navigateur. <\/li>\n<li><strong>Safari<\/strong>: Pr\u00e9f\u00e9rences -&gt; S\u00e9curit\u00e9. Pour plus d&rsquo;informations, vous pouvez consulter l&rsquo;<a target=\"_blank\" rel=\"noopener noreferrer\">assistance Apple<\/a> ou l&rsquo;aide du navigateur. <\/li>\n<\/ul>\n<\/div>\n<p>[\/vc_column_text][vc_empty_space height=\u00a0\u00bb50px\u00a0\u00bb][\/vc_column][\/vc_row]<\/p>\n","protected":false},"excerpt":{"rendered":"<p>[vc_row css_animation=\u00a0\u00bb\u00a0\u00bb row_type=\u00a0\u00bbrow\u00a0\u00bb use_row_as_full_screen_section=\u00a0\u00bbno\u00a0\u00bb type=\u00a0\u00bbfull_width\u00a0\u00bb angled_section=\u00a0\u00bbno\u00a0\u00bb text_align=\u00a0\u00bbleft\u00a0\u00bb background_image_as_pattern=\u00a0\u00bbwithout_pattern\u00a0\u00bb][vc_column][vc_column_text] POLITIQUE EN MATI\u00c8RE DE COOKIES Sur le site web https:\/\/cambrillonesjover.com (ci-apr\u00e8s, le [&hellip;]<\/p>\n","protected":false},"author":1,"featured_media":0,"parent":0,"menu_order":0,"comment_status":"closed","ping_status":"closed","template":"","meta":{"_uag_custom_page_level_css":"","site-sidebar-layout":"default","site-content-layout":"","ast-site-content-layout":"default","site-content-style":"default","site-sidebar-style":"default","ast-global-header-display":"","ast-banner-title-visibility":"","ast-main-header-display":"","ast-hfb-above-header-display":"","ast-hfb-below-header-display":"","ast-hfb-mobile-header-display":"","site-post-title":"","ast-breadcrumbs-content":"","ast-featured-img":"","footer-sml-layout":"","ast-disable-related-posts":"","theme-transparent-header-meta":"","adv-header-id-meta":"","stick-header-meta":"","header-above-stick-meta":"","header-main-stick-meta":"","header-below-stick-meta":"","astra-migrate-meta-layouts":"default","ast-page-background-enabled":"default","ast-page-background-meta":{"desktop":{"background-color":"var(--ast-global-color-5)","background-image":"","background-repeat":"repeat","background-position":"center center","background-size":"auto","background-attachment":"scroll","background-type":"","background-media":"","overlay-type":"","overlay-color":"","overlay-opacity":"","overlay-gradient":""},"tablet":{"background-color":"","background-image":"","background-repeat":"repeat","background-position":"center center","background-size":"auto","background-attachment":"scroll","background-type":"","background-media":"","overlay-type":"","overlay-color":"","overlay-opacity":"","overlay-gradient":""},"mobile":{"background-color":"","background-image":"","background-repeat":"repeat","background-position":"center center","background-size":"auto","background-attachment":"scroll","background-type":"","background-media":"","overlay-type":"","overlay-color":"","overlay-opacity":"","overlay-gradient":""}},"ast-content-background-meta":{"desktop":{"background-color":"var(--ast-global-color-4)","background-image":"","background-repeat":"repeat","background-position":"center center","background-size":"auto","background-attachment":"scroll","background-type":"","background-media":"","overlay-type":"","overlay-color":"","overlay-opacity":"","overlay-gradient":""},"tablet":{"background-color":"var(--ast-global-color-4)","background-image":"","background-repeat":"repeat","background-position":"center center","background-size":"auto","background-attachment":"scroll","background-type":"","background-media":"","overlay-type":"","overlay-color":"","overlay-opacity":"","overlay-gradient":""},"mobile":{"background-color":"var(--ast-global-color-4)","background-image":"","background-repeat":"repeat","background-position":"center center","background-size":"auto","background-attachment":"scroll","background-type":"","background-media":"","overlay-type":"","overlay-color":"","overlay-opacity":"","overlay-gradient":""}},"_joinchat":[],"footnotes":""},"class_list":["post-59347","page","type-page","status-publish","hentry"],"spectra_custom_meta":{"_top_nav_excluded":[""],"_cms_nav_minihome":[""],"_wp_page_template":["default"],"_last_translation_edit_mode":["translation-editor"],"_wpml_word_count":["1538"],"_uag_page_assets":["a:9:{s:3:\"css\";s:4019:\".uag-blocks-common-selector{z-index:var(--z-index-desktop) !important}@media (max-width: 976px){.uag-blocks-common-selector{z-index:var(--z-index-tablet) !important}}@media (max-width: 767px){.uag-blocks-common-selector{z-index:var(--z-index-mobile) !important}}\n.wp-block-uagb-advanced-heading h1,.wp-block-uagb-advanced-heading h2,.wp-block-uagb-advanced-heading h3,.wp-block-uagb-advanced-heading h4,.wp-block-uagb-advanced-heading h5,.wp-block-uagb-advanced-heading h6,.wp-block-uagb-advanced-heading p,.wp-block-uagb-advanced-heading div{word-break:break-word}.wp-block-uagb-advanced-heading .uagb-heading-text{margin:0}.wp-block-uagb-advanced-heading .uagb-desc-text{margin:0}.wp-block-uagb-advanced-heading .uagb-separator{font-size:0;border-top-style:solid;display:inline-block;margin:0 0 10px 0}.wp-block-uagb-advanced-heading .uagb-highlight{color:#f78a0c;border:0;transition:all 0.3s ease}.uag-highlight-toolbar{border-left:0;border-top:0;border-bottom:0;border-radius:0;border-right-color:#1e1e1e}.uag-highlight-toolbar .components-button{border-radius:0;outline:none}.uag-highlight-toolbar .components-button.is-primary{color:#fff}\n.wp-block-uagb-advanced-heading.uagb-block-04802978.wp-block-uagb-advanced-heading .uagb-heading-text{color: var(--ast-global-color-1);}.wp-block-uagb-advanced-heading.uagb-block-04802978.wp-block-uagb-advanced-heading .uagb-desc-text{margin-bottom: 15px;}.wp-block-uagb-advanced-heading.uagb-block-04802978.wp-block-uagb-advanced-heading .uagb-highlight{font-style: normal;font-weight: Default;background: #007cba;color: #fff;-webkit-text-fill-color: #fff;}.wp-block-uagb-advanced-heading.uagb-block-04802978.wp-block-uagb-advanced-heading .uagb-highlight::-moz-selection{color: #fff;background: #007cba;-webkit-text-fill-color: #fff;}.wp-block-uagb-advanced-heading.uagb-block-04802978.wp-block-uagb-advanced-heading .uagb-highlight::selection{color: #fff;background: #007cba;-webkit-text-fill-color: #fff;}.wp-block-uagb-advanced-heading.uagb-block-329afc47.wp-block-uagb-advanced-heading .uagb-heading-text{color: var(--ast-global-color-1);}.wp-block-uagb-advanced-heading.uagb-block-329afc47.wp-block-uagb-advanced-heading .uagb-desc-text{margin-bottom: 15px;}.wp-block-uagb-advanced-heading.uagb-block-329afc47.wp-block-uagb-advanced-heading .uagb-highlight{font-style: normal;font-weight: Default;background: #007cba;color: #fff;-webkit-text-fill-color: #fff;}.wp-block-uagb-advanced-heading.uagb-block-329afc47.wp-block-uagb-advanced-heading .uagb-highlight::-moz-selection{color: #fff;background: #007cba;-webkit-text-fill-color: #fff;}.wp-block-uagb-advanced-heading.uagb-block-329afc47.wp-block-uagb-advanced-heading .uagb-highlight::selection{color: #fff;background: #007cba;-webkit-text-fill-color: #fff;}.wp-block-uagb-advanced-heading.uagb-block-329afc47 .uagb-heading-text{text-transform: uppercase;}.wp-block-uagb-advanced-heading.uagb-block-63d8ce74.wp-block-uagb-advanced-heading .uagb-heading-text{color: var(--ast-global-color-1);}.wp-block-uagb-advanced-heading.uagb-block-63d8ce74.wp-block-uagb-advanced-heading {text-align: right;}.wp-block-uagb-advanced-heading.uagb-block-63d8ce74.wp-block-uagb-advanced-heading .uagb-desc-text{margin-bottom: 15px;}.wp-block-uagb-advanced-heading.uagb-block-63d8ce74.wp-block-uagb-advanced-heading .uagb-highlight{font-style: normal;font-weight: Default;background: #007cba;color: #fff;-webkit-text-fill-color: #fff;}.wp-block-uagb-advanced-heading.uagb-block-63d8ce74.wp-block-uagb-advanced-heading .uagb-highlight::-moz-selection{color: #fff;background: #007cba;-webkit-text-fill-color: #fff;}.wp-block-uagb-advanced-heading.uagb-block-63d8ce74.wp-block-uagb-advanced-heading .uagb-highlight::selection{color: #fff;background: #007cba;-webkit-text-fill-color: #fff;}.wp-block-uagb-advanced-heading.uagb-block-63d8ce74 .uagb-heading-text{text-transform: uppercase;}@media only screen and (max-width: 767px) {.wp-block-uagb-advanced-heading.uagb-block-63d8ce74.wp-block-uagb-advanced-heading {text-align: center;}}\";s:2:\"js\";s:0:\"\";s:18:\"current_block_list\";a:21:{i:0;s:14:\"core\/paragraph\";i:1;s:10:\"core\/image\";i:2;s:21:\"uagb\/advanced-heading\";i:3;s:11:\"core\/search\";i:4;s:27:\"woocommerce\/product-filters\";i:5;s:12:\"core\/heading\";i:6;s:33:\"woocommerce\/product-filter-active\";i:7;s:42:\"woocommerce\/product-filter-removable-chips\";i:8;s:39:\"woocommerce\/product-filter-clear-button\";i:9;s:12:\"core\/buttons\";i:10;s:11:\"core\/button\";i:11;s:32:\"woocommerce\/product-filter-price\";i:12;s:39:\"woocommerce\/product-filter-price-slider\";i:13;s:33:\"woocommerce\/product-filter-rating\";i:14;s:40:\"woocommerce\/product-filter-checkbox-list\";i:15;s:36:\"woocommerce\/product-filter-attribute\";i:16;s:33:\"woocommerce\/product-filter-status\";i:17;s:30:\"woocommerce\/product-categories\";i:18;s:28:\"woocommerce\/featured-product\";i:19;s:17:\"core\/social-links\";i:20;s:16:\"core\/social-link\";}s:8:\"uag_flag\";b:1;s:11:\"uag_version\";s:10:\"1777454745\";s:6:\"gfonts\";a:0:{}s:10:\"gfonts_url\";s:0:\"\";s:12:\"gfonts_files\";a:0:{}s:14:\"uag_faq_layout\";b:0;}"],"rank_math_internal_links_processed":["1"],"_uag_css_file_name":["uag-css-59347.css"]},"uagb_featured_image_src":{"full":false,"thumbnail":false,"medium":false,"medium_large":false,"large":false,"1536x1536":false,"2048x2048":false,"woocommerce_thumbnail":false,"woocommerce_single":false,"woocommerce_gallery_thumbnail":false},"uagb_author_info":{"display_name":"Grupo Jover","author_link":"https:\/\/cambrillonesjover.com\/fr\/author\/ideade\/"},"uagb_comment_info":0,"uagb_excerpt":"[vc_row css_animation=\u00a0\u00bb\u00a0\u00bb row_type=\u00a0\u00bbrow\u00a0\u00bb use_row_as_full_screen_section=\u00a0\u00bbno\u00a0\u00bb type=\u00a0\u00bbfull_width\u00a0\u00bb angled_section=\u00a0\u00bbno\u00a0\u00bb text_align=\u00a0\u00bbleft\u00a0\u00bb background_image_as_pattern=\u00a0\u00bbwithout_pattern\u00a0\u00bb][vc_column][vc_column_text] POLITIQUE EN MATI\u00c8RE DE COOKIES Sur le site web https:\/\/cambrillonesjover.com (ci-apr\u00e8s, le [&hellip;]","_links":{"self":[{"href":"https:\/\/cambrillonesjover.com\/fr\/wp-json\/wp\/v2\/pages\/59347","targetHints":{"allow":["GET"]}}],"collection":[{"href":"https:\/\/cambrillonesjover.com\/fr\/wp-json\/wp\/v2\/pages"}],"about":[{"href":"https:\/\/cambrillonesjover.com\/fr\/wp-json\/wp\/v2\/types\/page"}],"author":[{"embeddable":true,"href":"https:\/\/cambrillonesjover.com\/fr\/wp-json\/wp\/v2\/users\/1"}],"replies":[{"embeddable":true,"href":"https:\/\/cambrillonesjover.com\/fr\/wp-json\/wp\/v2\/comments?post=59347"}],"version-history":[{"count":0,"href":"https:\/\/cambrillonesjover.com\/fr\/wp-json\/wp\/v2\/pages\/59347\/revisions"}],"wp:attachment":[{"href":"https:\/\/cambrillonesjover.com\/fr\/wp-json\/wp\/v2\/media?parent=59347"}],"curies":[{"name":"wp","href":"https:\/\/api.w.org\/{rel}","templated":true}]}}